{"id":391,"date":"2025-10-30T16:00:17","date_gmt":"2025-10-30T15:00:17","guid":{"rendered":"https:\/\/integridadacademica.nubesoft.com.do\/?page_id=391"},"modified":"2025-11-26T19:41:09","modified_gmt":"2025-11-26T18:41:09","slug":"politica-institucional","status":"publish","type":"page","link":"https:\/\/integridadacademica.uapa.edu.do\/index.php\/politica-institucional\/","title":{"rendered":"Pol\u00edtica Institucional"},"content":{"rendered":"\t\t<div data-elementor-type=\"wp-page\" data-elementor-id=\"391\" class=\"elementor elementor-391\" data-elementor-post-type=\"page\">\n\t\t\t\t<div class=\"elementor-element elementor-element-16fe32a e-flex e-con-boxed e-con e-parent\" data-id=\"16fe32a\" data-element_type=\"container\">\n\t\t\t\t\t<div class=\"e-con-inner\">\n\t\t\t\t<div class=\"elementor-element elementor-element-57b8779 elementor-widget elementor-widget-html\" data-id=\"57b8779\" data-element_type=\"widget\" data-widget_type=\"html.default\">\n\t\t\t\t\t<!-- PORTAL DE INTEGRIDAD ACAD\u00c9MICA \u2013 POL\u00cdTICA INSTITUCIONAL (versi\u00f3n con \u00edconos e indicadores visuales) -->\r\n<section id=\"politica-integridad\" class=\"uapa-politica\">\r\n<style>\r\n:root{\r\n  --uapa-azul:#041147;\r\n  --uapa-naranja:#ff8300;\r\n  --gris-50:#f9faff;\r\n  --gris-200:#d9def0;\r\n  --txt:#1c223a;\r\n}\r\n.uapa-politica{\r\n  font-family:system-ui,-apple-system,\"Segoe UI\",Roboto,Arial;\r\n  color:var(--txt);\r\n  padding:2rem 1rem;\r\n}\r\n.uapa-wrap{max-width:1200px;margin:auto;}\r\n.uapa-titulo{\r\n  color:var(--uapa-azul);\r\n  font-size:clamp(26px,3vw,40px);\r\n  font-weight:800;\r\n  text-align:center;\r\n  margin-bottom:1rem;\r\n}\r\n.uapa-nav{\r\n  display:flex;\r\n  flex-wrap:wrap;\r\n  justify-content:center;\r\n  gap:0.8rem;\r\n  margin:1.5rem 0 2rem;\r\n}\r\n.uapa-nav button{\r\n  background:var(--uapa-azul);\r\n  color:#fff;\r\n  border:none;\r\n  border-radius:999px;\r\n  padding:0.6rem 1.4rem;\r\n  font-weight:600;\r\n  cursor:pointer;\r\n  display:flex;\r\n  align-items:center;\r\n  gap:6px;\r\n  transition:.25s;\r\n}\r\n.uapa-nav button svg{\r\n  width:14px;\r\n  height:14px;\r\n  fill:#fff;\r\n  transform:rotate(0);\r\n  transition:.25s;\r\n}\r\n.uapa-nav button.active svg{\r\n  transform:rotate(180deg);\r\n  fill:var(--uapa-azul);\r\n}\r\n.uapa-nav button:hover, .uapa-nav button.active{\r\n  background:var(--uapa-naranja);\r\n  color:#000;\r\n}\r\n\r\n.uapa-section{\r\n  background:#fff;\r\n  border:1px solid var(--gris-200);\r\n  border-radius:12px;\r\n  box-shadow:0 6px 16px rgba(4,17,71,.08);\r\n  margin-bottom:1.5rem;\r\n  overflow:hidden;\r\n}\r\n.uapa-header{\r\n  background:linear-gradient(90deg,var(--uapa-azul),#0d226f);\r\n  color:#fff;\r\n  padding:1rem 1.2rem;\r\n  cursor:pointer;\r\n  display:flex;\r\n  justify-content:space-between;\r\n  align-items:center;\r\n  font-weight:700;\r\n}\r\n.uapa-header span.icon{\r\n  display:flex;\r\n  align-items:center;\r\n  gap:8px;\r\n  font-size:1rem;\r\n}\r\n.uapa-header svg{\r\n  width:18px;\r\n  height:18px;\r\n transition:.2s;\r\n  flex-shrink:0;\r\n}\r\n.uapa-header[aria-expanded=\"true\"] svg{transform:rotate(180deg);}\r\n.uapa-content{\r\n  max-height:0;\r\n  overflow:hidden;\r\n  background:var(--gris-50);\r\n  padding:0 1.2rem;\r\n  transition:max-height .3s ease, padding .3s ease;\r\n}\r\n.uapa-content.open{padding:1rem 1.2rem;max-height:4000px;}\r\n.uapa-content p, .uapa-content li{line-height:1.6;margin-bottom:1rem;}\r\n.uapa-content a{\r\n  color:var(--uapa-naranja);\r\n  font-weight:600;\r\n  text-decoration:none;\r\n  border-bottom:2px solid rgba(255,131,0,.3);\r\n}\r\n.uapa-content a:hover{border-color:var(--uapa-naranja);}\r\n<\/style>\r\n\r\n<div class=\"uapa-wrap\">\r\n  <h1 class=\"uapa-titulo\">Pol\u00edtica Institucional de Integridad Acad\u00e9mica<\/h1>\r\n\r\n  <div class=\"uapa-nav\">\r\n    <button data-target=\"pol\u00edtica\" class=\"active\">Pol\u00edtica \r\n      <svg viewBox=\"0 0 24 24\"><path d=\"M7 10l5 5 5-5z\"\/><\/svg>\r\n    <\/button>\r\n    <button data-target=\"estatutos\">Estatutos \r\n      <svg viewBox=\"0 0 24 24\"><path d=\"M7 10l5 5 5-5z\"\/><\/svg>\r\n    <\/button>\r\n    <button data-target=\"reglamentos\">Reglamentos \r\n      <svg viewBox=\"0 0 24 24\"><path d=\"M7 10l5 5 5-5z\"\/><\/svg>\r\n    <\/button>\r\n    <button data-target=\"\u00e9tica\">C\u00f3digo de \u00c9tica \r\n      <svg viewBox=\"0 0 24 24\"><path d=\"M7 10l5 5 5-5z\"\/><\/svg>\r\n    <\/button>\r\n    <button data-target=\"comit\u00e9\">Comit\u00e9 de \u00c9tica \r\n      <svg viewBox=\"0 0 24 24\"><path d=\"M7 10l5 5 5-5z\"\/><\/svg>\r\n    <\/button>\r\n  <\/div>\r\n\r\n  <!-- POL\u00cdTICA -->\r\n  <article id=\"pol\u00edtica\" class=\"uapa-section\">\r\n    <div class=\"uapa-header\" aria-expanded=\"true\">\r\n      <span class=\"icon\">\ud83d\udcd8 Pol\u00edtica Institucional<\/span>\r\n      <svg viewBox=\"0 0 24 24\"><path d=\"M12 15l-6-6h12z\"\/><\/svg>\r\n    <\/div>\r\n    <div class=\"uapa-content open\">\r\n      <p>La UAPA, en su compromiso de formar profesionales \u00edntegros, propicia un ambiente y establece medidas para fomentar la calidad y excelencia en las actividades acad\u00e9micas que desarrollan sus miembros, mediante sistemas de planificaci\u00f3n, evaluaci\u00f3n y control.<\/p>\r\n      <p>En este sentido, establece normativas referentes a la producci\u00f3n intelectual y al uso \u00e9tico de la informaci\u00f3n en las actividades de investigaci\u00f3n y docencia que desarrollan sus miembros...<\/p>\r\n      <p><strong>Art\u00edculo 32 (Reglamento de personal acad\u00e9mico):<\/strong> Actuar con honestidad intelectual, respetando la autor\u00eda, dise\u00f1os e ideas de las fuentes consultadas o utilizadas para la elaboraci\u00f3n de trabajos de investigaci\u00f3n, presentaciones, entre otras.<\/p>\r\n    <\/div>\r\n  <\/article>\r\n\r\n  <!-- ESTATUTOS -->\r\n  <article id=\"estatutos\" class=\"uapa-section\">\r\n    <div class=\"uapa-header\" aria-expanded=\"false\">\r\n      <span class=\"icon\">\u2696\ufe0f Estatutos<\/span>\r\n      <svg viewBox=\"0 0 24 24\"><path d=\"M12 15l-6-6h12z\"\/><\/svg>\r\n    <\/div>\r\n    <div class=\"uapa-content\">\r\n      <p><a href=\"https:\/\/www.uapa.edu.do\/wp-content\/uploads\/2022\/04\/Estatutos-universitarios-2021.pdf\" target=\"_blank\">Ver Estatutos Universitarios 2021<\/a><\/p>\r\n      <p><strong>Cap\u00edtulo VI:<\/strong> De la integridad y \u00e9tica acad\u00e9mica.<\/p>\r\n      <p>Art\u00edculo 121.- Deber de honestidad intelectual...<\/p>\r\n      <p>Art\u00edculo 127.- Deber de los participantes: actuar con integridad y respeto a la propiedad intelectual.<\/p>\r\n    <\/div>\r\n  <\/article>\r\n\r\n  <!-- REGLAMENTOS -->\r\n  <article id=\"reglamentos\" class=\"uapa-section\">\r\n    <div class=\"uapa-header\" aria-expanded=\"false\">\r\n      <span class=\"icon\">\ud83d\udcc4 Reglamentos<\/span>\r\n      <svg viewBox=\"0 0 24 24\"><path d=\"M12 15l-6-6h12z\"\/><\/svg>\r\n    <\/div>\r\n    <div class=\"uapa-content\">\r\n      <p><strong>Reglamento de Evaluaci\u00f3n de los Aprendizajes (2022):<\/strong> Promueve la creatividad, originalidad, respeto a las fuentes y sanciona el plagio y la falta de \u00e9tica acad\u00e9mica.<\/p>\r\n      <p><strong>Reglamento de los Participantes (2022):<\/strong> Define deberes y faltas sancionables (plagio, fraude, vulneraci\u00f3n inform\u00e1tica, entre otros).<\/p>\r\n      <p><strong>Reglamento de Tesis (2019):<\/strong> Obliga al respeto de los derechos de propiedad intelectual y sanciona el plagio en tesis.<\/p>\r\n      <p><strong>Reglamento Interno de Disciplina:<\/strong> Determina responsabilidades \u00e9ticas y sanciones por fraude acad\u00e9mico y plagio.<\/p>\r\n    <\/div>\r\n  <\/article>\r\n\r\n  <!-- \u00c9TICA -->\r\n  <article id=\"\u00e9tica\" class=\"uapa-section\">\r\n    <div class=\"uapa-header\" aria-expanded=\"false\">\r\n      <span class=\"icon\">\ud83e\udeb6 C\u00f3digo de \u00c9tica<\/span>\r\n      <svg viewBox=\"0 0 24 24\"><path d=\"M12 15l-6-6h12z\"\/><\/svg>\r\n    <\/div>\r\n    <div class=\"uapa-content\">\r\n      <p><strong>Docentes:<\/strong> Art\u00edculos 10 y 12 exigen respeto a la autor\u00eda, transparencia intelectual y propiedad intelectual.<\/p>\r\n      <p><strong>Participantes:<\/strong> Art\u00edculos 19 al 23 promueven la \u00e9tica, integridad, originalidad y honestidad en sus actividades acad\u00e9micas.<\/p>\r\n      <p><strong>Referencia:<\/strong> C\u00f3digo de \u00c9tica UAPA (2018).<\/p>\r\n    <\/div>\r\n  <\/article>\r\n\r\n  <!-- COMIT\u00c9 -->\r\n  <article id=\"comit\u00e9\" class=\"uapa-section\">\r\n    <div class=\"uapa-header\" aria-expanded=\"false\">\r\n      <span class=\"icon\">\ud83c\udfdb\ufe0f Comit\u00e9 de \u00c9tica<\/span>\r\n      <svg viewBox=\"0 0 24 24\"><path d=\"M12 15l-6-6h12z\"\/><\/svg>\r\n    <\/div>\r\n    <div class=\"uapa-content\">\r\n      <h3 style=\"margin-top:0;\">CAP\u00cdTULO IV \u00b7 DEL COMIT\u00c9 DE \u00c9TICA<\/h3>\r\n\r\n      <h4>Art\u00edculo 40<\/h4>\r\n      <p>\r\n        El Comit\u00e9 de \u00c9tica es el \u00f3rgano de control interno responsable de velar por el cumplimiento del C\u00f3digo \r\n        de \u00c9tica y las normativas institucionales relativas a los miembros de la comunidad universitaria, el establecimiento y desarrollo de procedimientos necesarios para el cumplimiento de este c\u00f3digo, as\u00ed como la interpretaci\u00f3n, gesti\u00f3n y supervisi\u00f3n de las normas de actuaci\u00f3n contenidas en los mismos y la resoluci\u00f3n de conflictos que su aplicaci\u00f3n pudiera plantear.\r\n      <\/p>\r\n\r\n      <h4>Art\u00edculo 41<\/h4>\r\n      <p>Son miembros permanentes del Comit\u00e9 de \u00c9tica:<\/p>\r\n      <ul>\r\n        <li>a. El Secretario General de la Universidad, quien lo preside<\/li>\r\n        <li>b. Vicerrector de Planificaci\u00f3n, Innovaci\u00f3n y Desarrollo, quien fungir\u00e1 como secretario del mismo.<\/li>\r\n        <li>c. El Asesor Jur\u00eddico de la Universidad<\/li>\r\n      <\/ul>\r\n\r\n      <h4>Art\u00edculo 42<\/h4>\r\n      <p>Son miembros Ad Hoc del Comit\u00e9 de \u00c9tica.<\/p>\r\n      <ul>\r\n        <li>a. El Vicerrector correspondiente al \u00e1rea del personal sometido al comit\u00e9 de \u00e9tica.<\/li>\r\n        <li>b. El director del Departamento de Gesti\u00f3n del Talento Humano, cuando sean casos disciplinarios referentes al personal acad\u00e9mico y administrativo<\/li>\r\n        <li>c. El Director de Servicio al Participante y vida universitaria, cuando sean casos disciplinarios referentes al participante<\/li>\r\n        <li>d. El Director de la Escuela o Departamento (acad\u00e9mico o administrativo) a que pertenezca la persona que cometi\u00f3 la falta.<\/li>\r\n      <\/ul>\r\n      <p><strong>P\u00e1rrafo:<\/strong> Si lo considera necesario, y dependiendo de la naturaleza de la infracci\u00f3n, el Comit\u00e9 de \u00c9tica podr\u00e1 invitar a formar parte como miembros Ad Hoc a:<\/p>\r\n      <ul>\r\n        <li>\u2022 El representante de los facilitadores ante el Consejo Acad\u00e9mico<\/li>\r\n        <li>\u2022 El representante de los participantes ante el Consejo Acad\u00e9mico, o, en su defecto, El Presidente del Comit\u00e9 de Carrera.<\/li>\r\n        <li>\u2022 El Supervisor docente<\/li>\r\n        <li>\u2022 Cualquier otro miembro de la Comunidad Universitaria.<\/li>\r\n      <\/ul>\r\n\r\n      <h4>Art\u00edculo 43<\/h4>\r\n      <p>\r\n        Cuando la infracci\u00f3n es cometida en un recinto de la Universidad, el Comit\u00e9 de \u00c9tica estar\u00e1 constituido por:\r\n      <\/p>\r\n      <p><em>Como miembros permanentes<\/em><\/p>\r\n      <ul>\r\n        <li>a. El Director Acad\u00e9mico del Recinto correspondiente, quien lo preside<\/li>\r\n        <li>b. El Director Administrativo del Recinto.<\/li>\r\n      <\/ul>\r\n      <p><em>Como miembros Ad Hoc.<\/em><\/p>\r\n      <ul>\r\n        <li>a. Director de la escuela o del departamento administrativo donde pertenezca el infractor<\/li>\r\n        <li>b. Encargado de Gesti\u00f3n Humana, en caso de personal acad\u00e9mico o administrativo (ad hoc).<\/li>\r\n        <li>c. Encargado del Departamento de Servicio al Participante y Vida Universitaria, en caso de infracci\u00f3n cometida por participante.<\/li>\r\n      <\/ul>\r\n      <p>\r\n        <strong>P\u00e1rrafo I:<\/strong> En caso de conocimiento de infracciones grav\u00edsimas, el Comit\u00e9 de \u00c9tica del Recinto estar\u00e1 constituido por los miembros permanentes del Comit\u00e9 de \u00c9tica, el Presidente del Comit\u00e9 de \u00c9tica y el Vicerrector correspondiente al \u00e1rea donde pertenece la persona en falta.\r\n      <\/p>\r\n      <p>\r\n        <strong>P\u00e1rrafo II:<\/strong> Los miembros Ad Hoc ser\u00e1n invitados a participar en los casos que corresponda.\r\n      <\/p>\r\n\r\n      <h4>Art\u00edculo 44<\/h4>\r\n      <p>\r\n        El Comit\u00e9 de \u00c9tica podr\u00e1 sesionar y emitir resoluci\u00f3n con un qu\u00f3rum constituido por mayor\u00eda simple.\r\n      <\/p>\r\n\r\n      <h4>Art\u00edculo 45<\/h4>\r\n      <p>\r\n        Las faltas cometidas por el participante que por su naturaleza sean tipificadas como graves o grav\u00edsimas ser\u00e1n\r\n        conocidas por un subcomit\u00e9 de \u00c9tica constituido por:\r\n      <\/p>\r\n      <p><em>En la Sede:<\/em><\/p>\r\n      <ul>\r\n        <li>a). Direcci\u00f3n Acad\u00e9mica, quien lo preside <\/li>\r\n        <li>b). El Director de la Escuela a la que pertenece el participante.<\/li>\r\n        <li>c). El representante de los participantes ante el Consejo Acad\u00e9mico o en su defecto un participante representante del Comit\u00e9 de Carrera.<\/li>\r\n        <li>d). El Director del Departamento de Servicios a los Participantes y vida universitaria, quien fungir\u00e1 como Secretario.<\/li>\r\n        <li>f). Un facilitador de la Escuela a la que pertenece el participante.<\/li>\r\n      <\/ul>\r\n      <p><em>En los recintos:<\/em><\/p>\r\n      <ul>\r\n        <li>a. El Director acad\u00e9mico del recinto, quien lo preside.<\/li>\r\n        <li>b. El Director de la Escuela o departamento al que pertenezca el participante.<\/li>\r\n        <li>c. El Presidente del Comit\u00e9 de Carrera a que pertenezca el participante o en su defecto, un participante representante de la carrera.<\/li>\r\n        <li>d. Un facilitador de la Escuela a la que pertenezca el participante.<\/li>\r\n        <li>e. El (la) Director (a) del Dpto. de Servicios a los Participantes y Vida Universitaria quien fungir\u00e1 como secretario<\/li>\r\n      <\/ul>\r\n\r\n      <h4>Art\u00edculo 46<\/h4>\r\n      <p>\r\n        En los casos de faltas cometidas por los participantes tipificadas como grav\u00edsimas se integrar\u00e1n a este subcomit\u00e9 los miembros permanentes del Comit\u00e9 de \u00c9tica.\r\n      <\/p>\r\n\r\n      <h4>Art\u00edculo 47<\/h4>\r\n      <p>Las funciones del Comit\u00e9 de \u00c9tica son las siguientes:<\/p>\r\n      <ul>\r\n        <li>a. Velar por el cumplimiento del C\u00f3digo de \u00c9tica, de los Estatutos y del presente reglamento de la Universidad<\/li>\r\n        <li>b. Conocer los casos de indisciplina que se le presenten formalmente y por escrito.<\/li>\r\n        <li>c. Tomar las decisiones correspondientes a cada infracci\u00f3n con sentido de justicia y equidad.<\/li>\r\n        <li>d. Sancionar cuando se requiera e informar a las instancias correspondientes para la aplicaci\u00f3n de las mismas.<\/li>\r\n        <li>e. Establecer estrategias de prevenci\u00f3n, a trav\u00e9s de contacto directo y permanente con miembros de la comunidad universitaria, a trav\u00e9s del superior inmediato.<\/li>\r\n        <li>f. Presentar los casos que correspondan a las instancias superiores con los informes, evidencias y resoluciones<\/li>\r\n      <\/ul>\r\n    <\/div>\r\n  <\/article>\r\n\r\n<\/div>\r\n\r\n<script>\r\n\/\/ Navegaci\u00f3n entre pesta\u00f1as: muestra la secci\u00f3n y abre su contenido\r\ndocument.querySelectorAll('.uapa-nav button').forEach(btn=>{\r\n  btn.addEventListener('click', ()=>{\r\n    \/\/ estado visual de botones\r\n    document.querySelectorAll('.uapa-nav button').forEach(b=>b.classList.remove('active'));\r\n    btn.classList.add('active');\r\n\r\n    const id = btn.dataset.target;\r\n\r\n    \/\/ mostrar solo la secci\u00f3n seleccionada y abrir su acorde\u00f3n;\r\n    \/\/ cerrar y ocultar las dem\u00e1s\r\n    document.querySelectorAll('.uapa-section').forEach(sec=>{\r\n      const header = sec.querySelector('.uapa-header');\r\n      const content = sec.querySelector('.uapa-content');\r\n\r\n      if(sec.id === id){\r\n        sec.style.display = 'block';\r\n        if(header && content){\r\n          header.setAttribute('aria-expanded','true');\r\n          content.classList.add('open');\r\n        }\r\n      }else{\r\n        sec.style.display = 'none';\r\n        if(header && content){\r\n          header.setAttribute('aria-expanded','false');\r\n          content.classList.remove('open');\r\n        }\r\n      }\r\n    });\r\n  });\r\n});\r\n\r\n\/\/ Acordeones desplegables (para abrir\/cerrar dentro de la secci\u00f3n visible)\r\ndocument.querySelectorAll('.uapa-header').forEach(header=>{\r\n  header.addEventListener('click',()=>{\r\n    const content = header.nextElementSibling;\r\n    const expanded = header.getAttribute('aria-expanded')==='true';\r\n    header.setAttribute('aria-expanded', String(!expanded));\r\n    content.classList.toggle('open');\r\n  });\r\n});\r\n\r\n\/\/ Estado inicial: mostrar solo \"Pol\u00edtica\"\r\nconst initialBtn = document.querySelector('.uapa-nav button.active');\r\nif(initialBtn){ initialBtn.click(); }\r\n<\/script>\r\n<\/section>\r\n\r\n\r\n\t\t\t\t<\/div>\n\t\t\t\t\t<\/div>\n\t\t\t\t<\/div>\n\t\t\t\t<\/div>\n\t\t","protected":false},"excerpt":{"rendered":"<p>Pol\u00edtica Institucional de Integridad Acad\u00e9mica Pol\u00edtica Estatutos Reglamentos C\u00f3digo de \u00c9tica Comit\u00e9 de \u00c9tica \ud83d\udcd8 Pol\u00edtica Institucional La UAPA, en su compromiso de formar profesionales \u00edntegros, propicia un ambiente y establece medidas para fomentar la calidad y excelencia en las actividades acad\u00e9micas que desarrollan sus miembros, mediante sistemas de planificaci\u00f3n, evaluaci\u00f3n y control. En este [&hellip;]<\/p>\n","protected":false},"author":1,"featured_media":0,"parent":0,"menu_order":0,"comment_status":"closed","ping_status":"closed","template":"","meta":{"footnotes":""},"class_list":["post-391","page","type-page","status-publish","hentry"],"_links":{"self":[{"href":"https:\/\/integridadacademica.uapa.edu.do\/index.php\/wp-json\/wp\/v2\/pages\/391","targetHints":{"allow":["GET"]}}],"collection":[{"href":"https:\/\/integridadacademica.uapa.edu.do\/index.php\/wp-json\/wp\/v2\/pages"}],"about":[{"href":"https:\/\/integridadacademica.uapa.edu.do\/index.php\/wp-json\/wp\/v2\/types\/page"}],"author":[{"embeddable":true,"href":"https:\/\/integridadacademica.uapa.edu.do\/index.php\/wp-json\/wp\/v2\/users\/1"}],"replies":[{"embeddable":true,"href":"https:\/\/integridadacademica.uapa.edu.do\/index.php\/wp-json\/wp\/v2\/comments?post=391"}],"version-history":[{"count":10,"href":"https:\/\/integridadacademica.uapa.edu.do\/index.php\/wp-json\/wp\/v2\/pages\/391\/revisions"}],"predecessor-version":[{"id":659,"href":"https:\/\/integridadacademica.uapa.edu.do\/index.php\/wp-json\/wp\/v2\/pages\/391\/revisions\/659"}],"wp:attachment":[{"href":"https:\/\/integridadacademica.uapa.edu.do\/index.php\/wp-json\/wp\/v2\/media?parent=391"}],"curies":[{"name":"wp","href":"https:\/\/api.w.org\/{rel}","templated":true}]}}